{"id":300,"date":"2022-08-29T14:41:57","date_gmt":"2022-08-29T14:41:57","guid":{"rendered":"https:\/\/united-ai.net\/?page_id=300"},"modified":"2022-10-04T00:36:17","modified_gmt":"2022-10-03T22:36:17","slug":"impressum","status":"publish","type":"page","link":"https:\/\/united-ai.net\/en\/impressum\/","title":{"rendered":"Impressum"},"content":{"rendered":"<div data-elementor-type=\"wp-page\" data-elementor-id=\"300\" class=\"elementor elementor-300\">\n\t\t\t\t\t\t<section class=\"elementor-section elementor-top-section elementor-element elementor-element-9b31698 elementor-section-full_width elementor-section-height-default elementor-section-height-default\" data-id=\"9b31698\" data-element_type=\"section\">\n\t\t\t\t\t\t<div class=\"elementor-container elementor-column-gap-default\">\n\t\t\t\t\t<div class=\"elementor-column elementor-col-100 elementor-top-column elementor-element elementor-element-c06d451\" data-id=\"c06d451\" data-element_type=\"column\">\n\t\t\t<div class=\"elementor-widget-wrap elementor-element-populated\">\n\t\t\t\t\t\t<div class=\"elementor-element elementor-element-1409685 elementor-widget elementor-widget-heading\" data-id=\"1409685\" data-element_type=\"widget\" data-widget_type=\"heading.default\">\n\t\t\t\t<div class=\"elementor-widget-container\">\n\t\t\t<style>\/*! elementor - v3.22.0 - 24-06-2024 *\/\n.elementor-heading-title{padding:0;margin:0;line-height:1}.elementor-widget-heading .elementor-heading-title[class*=elementor-size-]>a{color:inherit;font-size:inherit;line-height:inherit}.elementor-widget-heading .elementor-heading-title.elementor-size-small{font-size:15px}.elementor-widget-heading .elementor-heading-title.elementor-size-medium{font-size:19px}.elementor-widget-heading .elementor-heading-title.elementor-size-large{font-size:29px}.elementor-widget-heading .elementor-heading-title.elementor-size-xl{font-size:39px}.elementor-widget-heading .elementor-heading-title.elementor-size-xxl{font-size:59px}<\/style><h2 class=\"elementor-heading-title elementor-size-default\">IMPRINT<\/h2>\t\t<\/div>\n\t\t\t\t<\/div>\n\t\t\t\t\t<\/div>\n\t\t<\/div>\n\t\t\t\t\t<\/div>\n\t\t<\/section>\n\t\t\t\t<section class=\"elementor-section elementor-top-section elementor-element elementor-element-a1f64b1 elementor-section-boxed elementor-section-height-default elementor-section-height-default\" data-id=\"a1f64b1\" data-element_type=\"section\">\n\t\t\t\t\t\t<div class=\"elementor-container elementor-column-gap-default\">\n\t\t\t\t\t<div class=\"elementor-column elementor-col-100 elementor-top-column elementor-element elementor-element-e273150\" data-id=\"e273150\" data-element_type=\"column\">\n\t\t\t<div class=\"elementor-widget-wrap elementor-element-populated\">\n\t\t\t\t\t\t<div class=\"elementor-element elementor-element-780d17a elementor-widget elementor-widget-text-editor\" data-id=\"780d17a\" data-element_type=\"widget\" data-widget_type=\"text-editor.default\">\n\t\t\t\t<div class=\"elementor-widget-container\">\n\t\t\t<style>\/*! elementor - v3.22.0 - 24-06-2024 *\/\n.elementor-widget-text-editor.elementor-drop-cap-view-stacked .elementor-drop-cap{background-color:#69727d;color:#fff}.elementor-widget-text-editor.elementor-drop-cap-view-framed .elementor-drop-cap{color:#69727d;border:3px solid;background-color:transparent}.elementor-widget-text-editor:not(.elementor-drop-cap-view-default) .elementor-drop-cap{margin-top:8px}.elementor-widget-text-editor:not(.elementor-drop-cap-view-default) .elementor-drop-cap-letter{width:1em;height:1em}.elementor-widget-text-editor .elementor-drop-cap{float:left;text-align:center;line-height:1;font-size:50px}.elementor-widget-text-editor .elementor-drop-cap-letter{display:inline-block}<\/style>\t\t\t\t<p><strong>United AI e.V.<br \/><\/strong>Technische Hochschule Deggendorf<br \/>Dieter-Goerlitz-Platz 1<br \/>94469 Deggendorf<\/p><p><strong>Represented by the Executive Board:<br \/><\/strong>Lisa Mueller and Bohdan Leshchynskyi<br \/>Technische Hochschule Deggendorf<br \/>Dieter-Goerlitz-Platz 1<br \/>94469 Deggendorf<\/p><p><strong>Email: <\/strong>executive[at]united-ai.net<\/p><p><b>Registration office:<\/b> District court of Deggendorf<br \/><b>Register number:<\/b> VR 200574<\/p><p><b>V.i.S.d \u00a7 18 Abs. 2 MStV<\/b><br \/>Simon Menke<br \/>Technische Hochschule Deggendorf<br \/>Dieter-Goerlitz-Platz 1<br \/>94469 Deggendorf<\/p><p><strong>Email: <\/strong>marketing[at]united-ai.net<\/p><p><strong>1. Disclaimer<\/strong><\/p><p>The contents of this website are created with the greatest possible care. However, we <em>(the club United AI e.V.)<\/em> do not guarantee the accuracy, completeness and timeliness of the content provided. The use of the contents of the website is at the user's own risk. Contributions identified by name reflect the opinions of the respective authors and not necessarily the opinion of the club. The mere use of our website does not constitute any contractual relationship between the user and our club.<\/p><p><strong>2. External Links <\/strong><\/p><p>This website contains links to third-party websites (\"external links\"). These websites are subject to the liability of the respective operators. When the external links were first created, we checked the third-party content for any legal violations. At that time, no legal violations were apparent. We have no influence on the current and future design and content of the linked pages. The setting of external links does not mean that we adopt the contents behind the reference or link as our own. A constant control of the external links is not reasonable for us without concrete evidence of legal violations. However, if we become aware of any legal violations, such external links will be deleted immediately.<\/p><p><strong>3. Copyright<\/strong><\/p><p>The contents published on this website are subject to German copyright and ancillary copyright law. Any use not permitted by German copyright and ancillary copyright law requires our prior written consent or that of the respective rights holder. This applies in particular to the copying, editing, translation, storage, processing or reproduction of content in databases or other electronic media and systems. Contents and rights of third parties are marked as such. The unauthorized reproduction or distribution of individual content or complete pages is not permitted and is punishable by law. Only the production of copies and downloads for personal, private and non-commercial use is permitted. The display of this website in external frames is only permitted with written permission.<\/p>\t\t\t\t\t\t<\/div>\n\t\t\t\t<\/div>\n\t\t\t\t\t<\/div>\n\t\t<\/div>\n\t\t\t\t\t<\/div>\n\t\t<\/section>\n\t\t\t\t<\/div>","protected":false},"excerpt":{"rendered":"<p>IMPRESSUM United AI e.V.Technische Hochschule DeggendorfDieter-G\u00f6rlitz-Platz 194469 Deggendorf Vertreten durch den Vorstand:Lisa M\u00fcller und Bohdan LeshchynskyiTechnische Hochschule DeggendorfDieter-G\u00f6rlitz-Platz 194469 Deggendorf Email: executive[at]united-ai.net Registergericht: Amtsgericht DeggendorfRegisternummer: VR 200574 V.i.S.d \u00a7 18 [&hellip;]<\/p>","protected":false},"author":5,"featured_media":0,"parent":0,"menu_order":0,"comment_status":"closed","ping_status":"closed","template":"","meta":{"footnotes":""},"class_list":["post-300","page","type-page","status-publish","hentry"],"_links":{"self":[{"href":"https:\/\/united-ai.net\/en\/wp-json\/wp\/v2\/pages\/300","targetHints":{"allow":["GET"]}}],"collection":[{"href":"https:\/\/united-ai.net\/en\/wp-json\/wp\/v2\/pages"}],"about":[{"href":"https:\/\/united-ai.net\/en\/wp-json\/wp\/v2\/types\/page"}],"author":[{"embeddable":true,"href":"https:\/\/united-ai.net\/en\/wp-json\/wp\/v2\/users\/5"}],"replies":[{"embeddable":true,"href":"https:\/\/united-ai.net\/en\/wp-json\/wp\/v2\/comments?post=300"}],"version-history":[{"count":14,"href":"https:\/\/united-ai.net\/en\/wp-json\/wp\/v2\/pages\/300\/revisions"}],"predecessor-version":[{"id":1137,"href":"https:\/\/united-ai.net\/en\/wp-json\/wp\/v2\/pages\/300\/revisions\/1137"}],"wp:attachment":[{"href":"https:\/\/united-ai.net\/en\/wp-json\/wp\/v2\/media?parent=300"}],"curies":[{"name":"wp","href":"https:\/\/api.w.org\/{rel}","templated":true}]}}